{"id":21,"date":"2023-03-07T09:45:58","date_gmt":"2023-03-07T09:45:58","guid":{"rendered":"https:\/\/wp.taxi-company.net\/?page_id=21"},"modified":"2023-03-13T12:03:34","modified_gmt":"2023-03-13T12:03:34","slug":"impressum","status":"publish","type":"page","link":"https:\/\/www.taxi-company.net\/index.php\/impressum\/","title":{"rendered":"Impressum"},"content":{"rendered":"\t\t<div data-elementor-type=\"wp-page\" data-elementor-id=\"21\" class=\"elementor elementor-21\" data-elementor-post-type=\"page\">\n\t\t\t\t\t\t<section class=\"elementor-section elementor-top-section elementor-element elementor-element-aaa027b elementor-section-height-min-height elementor-section-boxed elementor-section-height-default elementor-section-items-middle\" data-id=\"aaa027b\" data-element_type=\"section\" data-e-type=\"section\" data-settings=\"{&quot;background_background&quot;:&quot;classic&quot;}\">\n\t\t\t\t\t\t<div class=\"elementor-container elementor-column-gap-default\">\n\t\t\t\t\t<div class=\"elementor-column elementor-col-100 elementor-top-column elementor-element elementor-element-fa6ff62\" data-id=\"fa6ff62\" data-element_type=\"column\" data-e-type=\"column\">\n\t\t\t<div class=\"elementor-widget-wrap elementor-element-populated\">\n\t\t\t\t\t\t<div class=\"elementor-element elementor-element-a494975 elementor-widget elementor-widget-heading\" data-id=\"a494975\" data-element_type=\"widget\" data-e-type=\"widget\" data-widget_type=\"heading.default\">\n\t\t\t\t<div class=\"elementor-widget-container\">\n\t\t\t\t\t<h2 class=\"elementor-heading-title elementor-size-default\">Impressum<\/h2>\t\t\t\t<\/div>\n\t\t\t\t<\/div>\n\t\t\t\t\t<\/div>\n\t\t<\/div>\n\t\t\t\t\t<\/div>\n\t\t<\/section>\n\t\t\t\t<section class=\"elementor-section elementor-top-section elementor-element elementor-element-a1871e2 elementor-section-boxed elementor-section-height-default elementor-section-height-default\" data-id=\"a1871e2\" data-element_type=\"section\" data-e-type=\"section\">\n\t\t\t\t\t\t<div class=\"elementor-container elementor-column-gap-default\">\n\t\t\t\t\t<div class=\"elementor-column elementor-col-50 elementor-top-column elementor-element elementor-element-90e0575\" data-id=\"90e0575\" data-element_type=\"column\" data-e-type=\"column\">\n\t\t\t<div class=\"elementor-widget-wrap elementor-element-populated\">\n\t\t\t\t\t\t<div class=\"elementor-element elementor-element-82cc311 elementor-widget elementor-widget-text-editor\" data-id=\"82cc311\" data-element_type=\"widget\" data-e-type=\"widget\" data-widget_type=\"text-editor.default\">\n\t\t\t\t<div class=\"elementor-widget-container\">\n\t\t\t\t\t\t\t\t\t<p><strong>Taxi Company<\/strong> <br \/>Dietmar Spitz<br \/>Birkenstrasse 18<br \/>83707 Bad Wiessee<\/p><p><strong>Telefon:<\/strong> 08022 &#8211; 99445<br \/><strong>E-Mail:<\/strong> info(at)taxi-company.net<br \/><strong>Webseite:<\/strong> <a href=\"https:\/\/www.taxi-company.net\">www.taxi-company.net<\/a><\/p><p><strong>Haftung f\u00fcr Links<\/strong> | Trotz sorgf\u00e4ltiger inhaltlicher Kontrolle \u00fcbernehmen wir keine Haftung f\u00fcr die Inhalte von externen Links. F\u00fcr die Inhalte verlinkter Seiten sind ausschlie\u00dflich die Betreiber dieser Seiten verantwortlich.<\/p><p><strong>Haftung f\u00fcr Inhalte<\/strong> | Die Inhalte unserer Seiten wurden mit gr\u00f6\u00dfter Sorgfalt erstellt. F\u00fcr die Richtigkeitk, Vollst\u00e4ndigkeit und Aktualit\u00e4t unserer Seiten k\u00f6nnen wir trotzdem keine Gew\u00e4hr \u00fcbernehmen.<\/p><p><strong>Datenschutz<\/strong> | Datenschutz hat einen hohen Stellenwert f\u00fcr uns. Wir benutzen Ihre pers\u00f6nlichen Daten nur f\u00fcr die Kontaktaufnahme mit Ihnen. Sie haben jederzeit das Recht auf L\u00f6schung oder Herausgabe Ihrer Daten. Bitte beachten Sie auch unsere separate Datenschutzerkl\u00e4rung auf dieser Webseite. Sie finden diese unter dem Men\u00fcpunkt &#8222;Datenschutzerkl\u00e4rung&#8220;.<\/p><p><strong>Bildquellen<\/strong> | fotolia hie\u00dft jetzt <a href=\"https:\/\/stock.adobe.com\/de\/\" target=\"_blank\" rel=\"noopener\">stock.adobe.com<\/a> | Die auf dieser Webseite verwendeten Bilder sind gekaufte, lizenzfreie Bilder von fotolia.com (Adobe). Im einzelnen sind dies:\u00a0<img decoding=\"async\" src=\"https:\/\/www.taxi-company.net\/images\/sampledata\/Diverses\/Fotolia_45509015_XS.jpg\" alt=\"Fotolia 45509015 XS\" width=\"60\" height=\"40\" \/>\u00a0 #45509015 von \u00a9 Marco2811,\u00a0 #445325677 von \u00a9 kentauros; #171602654 von \u00a9 Sina Etmer; #221432147 von \u00a9 kentauros; #81181657 von \u00a9 hardyuno;\u00a0 Danke an alle Fotografen<\/p><p><strong>Webdesign<\/strong> | Webdesign made in Erding, <a title=\"und ab ins netz mit holleitner.net\" href=\"http:\/\/www.holleitner.net\" target=\"_blank\" rel=\"noopener\">holleitner.net<\/a><\/p>\t\t\t\t\t\t\t\t<\/div>\n\t\t\t\t<\/div>\n\t\t\t\t\t<\/div>\n\t\t<\/div>\n\t\t\t\t<div class=\"elementor-column elementor-col-50 elementor-top-column elementor-element elementor-element-baa1e58\" data-id=\"baa1e58\" data-element_type=\"column\" data-e-type=\"column\">\n\t\t\t<div class=\"elementor-widget-wrap\">\n\t\t\t\t\t\t\t<\/div>\n\t\t<\/div>\n\t\t\t\t\t<\/div>\n\t\t<\/section>\n\t\t\t\t<\/div>\n\t\t","protected":false},"excerpt":{"rendered":"<p>Impressum Taxi Company Dietmar SpitzBirkenstrasse 1883707 Bad Wiessee Telefon: 08022 &#8211; 99445E-Mail: info(at)taxi-company.netWebseite: www.taxi-company.net Haftung f\u00fcr Links | Trotz sorgf\u00e4ltiger inhaltlicher Kontrolle \u00fcbernehmen wir keine Haftung f\u00fcr die Inhalte von externen Links. F\u00fcr die Inhalte verlinkter Seiten sind ausschlie\u00dflich die Betreiber dieser Seiten verantwortlich. Haftung f\u00fcr Inhalte | Die Inhalte unserer Seiten wurden mit gr\u00f6\u00dfter [&hellip;]<\/p>\n","protected":false},"author":2,"featured_media":0,"parent":0,"menu_order":0,"comment_status":"closed","ping_status":"closed","template":"elementor_header_footer","meta":{"footnotes":""},"class_list":["post-21","page","type-page","status-publish","hentry"],"_links":{"self":[{"href":"https:\/\/www.taxi-company.net\/index.php\/wp-json\/wp\/v2\/pages\/21","targetHints":{"allow":["GET"]}}],"collection":[{"href":"https:\/\/www.taxi-company.net\/index.php\/wp-json\/wp\/v2\/pages"}],"about":[{"href":"https:\/\/www.taxi-company.net\/index.php\/wp-json\/wp\/v2\/types\/page"}],"author":[{"embeddable":true,"href":"https:\/\/www.taxi-company.net\/index.php\/wp-json\/wp\/v2\/users\/2"}],"replies":[{"embeddable":true,"href":"https:\/\/www.taxi-company.net\/index.php\/wp-json\/wp\/v2\/comments?post=21"}],"version-history":[{"count":5,"href":"https:\/\/www.taxi-company.net\/index.php\/wp-json\/wp\/v2\/pages\/21\/revisions"}],"predecessor-version":[{"id":303,"href":"https:\/\/www.taxi-company.net\/index.php\/wp-json\/wp\/v2\/pages\/21\/revisions\/303"}],"wp:attachment":[{"href":"https:\/\/www.taxi-company.net\/index.php\/wp-json\/wp\/v2\/media?parent=21"}],"curies":[{"name":"wp","href":"https:\/\/api.w.org\/{rel}","templated":true}]}}