{"id":184,"date":"2023-03-09T14:46:49","date_gmt":"2023-03-09T14:46:49","guid":{"rendered":"https:\/\/wp.taxi-company.net\/?page_id=184"},"modified":"2023-03-13T13:07:03","modified_gmt":"2023-03-13T13:07:03","slug":"partnerbetriebe","status":"publish","type":"page","link":"https:\/\/www.taxi-company.net\/index.php\/partnerbetriebe\/","title":{"rendered":"Partnerbetriebe"},"content":{"rendered":"\t\t<div data-elementor-type=\"wp-page\" data-elementor-id=\"184\" class=\"elementor elementor-184\" data-elementor-post-type=\"page\">\n\t\t\t\t\t\t<section class=\"elementor-section elementor-top-section elementor-element elementor-element-c41710d elementor-section-height-min-height elementor-section-boxed elementor-section-height-default elementor-section-items-middle\" data-id=\"c41710d\" data-element_type=\"section\" data-e-type=\"section\" data-settings=\"{&quot;background_background&quot;:&quot;classic&quot;}\">\n\t\t\t\t\t\t<div class=\"elementor-container elementor-column-gap-default\">\n\t\t\t\t\t<div class=\"elementor-column elementor-col-100 elementor-top-column elementor-element elementor-element-01fba0e\" data-id=\"01fba0e\" data-element_type=\"column\" data-e-type=\"column\">\n\t\t\t<div class=\"elementor-widget-wrap elementor-element-populated\">\n\t\t\t\t\t\t<div class=\"elementor-element elementor-element-d420bcc elementor-widget elementor-widget-heading\" data-id=\"d420bcc\" data-element_type=\"widget\" data-e-type=\"widget\" data-widget_type=\"heading.default\">\n\t\t\t\t<div class=\"elementor-widget-container\">\n\t\t\t\t\t<h2 class=\"elementor-heading-title elementor-size-default\">Partnerbetriebe<\/h2>\t\t\t\t<\/div>\n\t\t\t\t<\/div>\n\t\t\t\t\t<\/div>\n\t\t<\/div>\n\t\t\t\t\t<\/div>\n\t\t<\/section>\n\t\t\t\t<section class=\"elementor-section elementor-top-section elementor-element elementor-element-3a74d12 elementor-section-boxed elementor-section-height-default elementor-section-height-default\" data-id=\"3a74d12\" data-element_type=\"section\" data-e-type=\"section\">\n\t\t\t\t\t\t<div class=\"elementor-container elementor-column-gap-default\">\n\t\t\t\t\t<div class=\"elementor-column elementor-col-100 elementor-top-column elementor-element elementor-element-ea350b1\" data-id=\"ea350b1\" data-element_type=\"column\" data-e-type=\"column\">\n\t\t\t<div class=\"elementor-widget-wrap elementor-element-populated\">\n\t\t\t\t\t\t<div class=\"elementor-element elementor-element-5e1abc3 elementor-widget elementor-widget-heading\" data-id=\"5e1abc3\" data-element_type=\"widget\" data-e-type=\"widget\" data-widget_type=\"heading.default\">\n\t\t\t\t<div class=\"elementor-widget-container\">\n\t\t\t\t\t<h2 class=\"elementor-heading-title elementor-size-default\">Restaurantempfehlungen und mehr<\/h2>\t\t\t\t<\/div>\n\t\t\t\t<\/div>\n\t\t\t\t<div class=\"elementor-element elementor-element-f5ca8b6 elementor-widget elementor-widget-text-editor\" data-id=\"f5ca8b6\" data-element_type=\"widget\" data-e-type=\"widget\" data-widget_type=\"text-editor.default\">\n\t\t\t\t<div class=\"elementor-widget-container\">\n\t\t\t\t\t\t\t\t\t<h5><strong>Bad Wiessee<\/strong><\/h5><p><strong>Freihaus Brenner (Di Ruhetag)<\/strong><\/p><p>Freihaus 4, 83707 Bad Wiessee, Tel. 08022-86560<br \/>sch\u00f6ner Ausblick, sehr gute K\u00fcche, auch \u201ehalbe\u201c Gerichte, ein Klassiker<\/p><p><strong>Bistro Fischerei Bad Wiessee <\/strong>(Mo\/Di\/Mi Ruhetag) 11-17 Uhr ge\u00f6ffnet<\/p><p>\u00dcberfahrtsweg 15, 83707 Bad Wiessee, Tel. 08022-857495<br \/>heimische Fische fangfrisch in einfachem Ambiente mit Topqualit\u00e4t<\/p><h5><strong>Gmund<\/strong><\/h5><p><strong>K\u00e4fer Gut Kaltenbrunn\u00a0<\/strong> (Mo Ruhetag)<\/p><p>Kaltenbrunn 1, 83703 Gmund, Tel. 08022-1870700<br \/>sehr sch\u00f6ner Blick \u00fcber den See, traditionale Gutsk\u00fcche mit saisonalen Spezialit\u00e4ten<\/p><p><strong>Gasthaus Jennerwein<\/strong> (Di, Mi Ruhetag)<\/p><p>M\u00fcnchner Str. 127, 83703 Gmund, Tel. 08022-706050<br \/>altbayerisches Gasthaus, sehr gute K\u00fcche<\/p><p><strong>Herzog Maximilian Gasthof am Tegernsee<\/strong> (Mi Ruhetag)<\/p><p>Tegernseer Str. 3, 83703 Gmund, Tel. 08022-7059377<br \/>traditionelles Gasthaus 2018 wieder er\u00f6ffnet<\/p><h5><strong>Rottach-Egern<\/strong><\/h5><p><strong>Weber\u2019s<\/strong> (So Ruhetag)<\/p><p>Seestr. 4a, 83700 Rottach-Egern, Tel. 08022-2719216<br \/>kleines Bistro, feine K\u00fcche, sehr wenig Pl\u00e4tze, unbedingt vorreservieren!<\/p><p><strong>Enothek am See<\/strong> (kein Ruhetag)<\/p><p>Seestr. 23, 83700 Rottach-Egern, Tel. 08022-273941<br \/>kleines Restaurant (25 Pl\u00e4tze) im Bistrostil, kleine feine Karte, sehr netter Service<strong> <br \/><\/strong><\/p><p><strong>Malerwinkel<\/strong> (kein Ruhetag)<\/p><p>\u00dcberfahrtstr. 3, 83700 Rottach-Egern, Tel. 08022-673570<br \/>bayerische K\u00fcche in traditionsreichem Ambiente, gro\u00dfe Seeterrasse mit herrlichem Blick<strong> <br \/><\/strong><\/p><p><strong>Kirschner Stuben <\/strong>(Mi Ruhetag)<\/p><p>Seestr. 23a, 83700 Rottach-Egern, Tel. 08022-273939<br \/>in der Seestra\u00dfe gelegen, hochwertige elegante und alpenl\u00e4ndische K\u00fcche<\/p><h5><strong>Tegernsee<\/strong><strong> <br \/><\/strong><\/h5><p><strong>Br\u00e4ust\u00fcberl <\/strong>(kein Ruhetag)<\/p><p>Schlo\u00dfplatz 1, 83684 Tegernsee, Tel. 08022-4141<br \/>traditionell bayerische K\u00fcche, Schweinshaxe, aber auch Salat mit Putenstreifen. Diese Gastst\u00e4tte ist innen und au\u00dfen ein Erlebnis und geh\u00f6rt zu einem Urlaub am Tegernsee einfach dazu, sonst ist man nicht richtig dagewesen\u2026<\/p><p><strong>Ristorante Trattoria<\/strong> <strong>Da Francesco <\/strong>(Mo Ruhetag)<\/p><p>Hauptstra\u00dfe 9, 83648 Tegernsee, Tel. 08022-271141<br \/>original Italienische K\u00fcche sowie kulinarische Erlebnisse mit Seeblick und einem gem\u00fctlichen Wintergarten, beste Pizza rund um den See<\/p><h5><strong>Kreuth<br \/><\/strong><\/h5><p><strong>Schwaiger Alm <\/strong>(Mi Ruhetag)<\/p><p>Raineralmweg 85, 83708 Kreuth, Tel. 08029-272<br \/>uriges Ausflugslokal, Restaurant und Caf\u00e9 mit sehr guter K\u00fcche, auch am Abend<\/p><p><strong>Almgasthaus Aibl <\/strong>(Mi und Do Ruhetag)<\/p><p>Aibl-Alm 2, 83708 Kreuth, Tel. 08029-437<br \/>sehr gute K\u00fcche, regional, Fisch, Wild und zum Schluss g\u00f6ttlich glasierter Kaiserschmarrn<\/p><p><strong>Gasthof zum Hagn <\/strong>(Mo Ruhetag)<\/p><p>Tegernseer Str. 30, 83708 Kreuth, Tel. 08022-6248<br \/>Bayerisches Wirtshaus mit bekannt guter K\u00fcche in traditioneller Atmosph\u00e4re<\/p><p><strong>Glash\u00fctte <\/strong>(Mo und Di Ruhetag)<\/p><p>Glash\u00fctte 28, 83708 Kreuth, Tel. 08029-569<br \/>b\u00e4uerliches Gasthaus, wie vor 50 Jahren. Von 11-19 Uhr ge\u00f6ffnet<\/p><p><strong>Batznh\u00e4usl <\/strong>(Mi Ruhetag)<\/p><p>M\u00fchlauerweg 1, 83708 Kreuth, Tel. 08029-9973940<br \/>bodenst\u00e4ndige regionale K\u00fcche, Steakkarte f\u00fcr Fleischfans<\/p><p><strong>Als Biergarten sehr zu empfehlen:<\/strong> Gut Kaltenbrunn in Gmund, Tel. 08022-1870700<\/p><p><strong>Gern sind wir Ihnen bei der Auswahl und Tischreservierung behilflich!<\/strong><\/p><h5>Neben den von uns empfohlenen Restaurants, arbeiten wir noch mit weiteren Partnern zusammen. Nachfolgend eine Auswahl unserer bevorzugten Partnern:<\/h5><p>Partyservice Bl\u00fcmer &#8211; <a title=\"Partyservice Bl\u00fcmer\" href=\"https:\/\/schiffsgastronomie-tegernsee.jimdo.com\/\" target=\"_blank\" rel=\"noopener\">www.partyservice-bluemer.de<\/a><\/p><p>Landhaus am Stein &#8211; <a title=\"Landhaus am Stein\" href=\"https:\/\/www.landhausamstein.de\/\" target=\"_blank\" rel=\"noopener\">www.landhausamstein.de<\/a><\/p><p>Das Tegernsee &#8211; <a title=\"Das Tegernsee\" href=\"https:\/\/www.dastegernsee.de\/\" target=\"_blank\" rel=\"noopener\">www.dastegernsee.de<\/a><\/p><p>Hotel \u00dcberfahrt &#8211; <a title=\"Hotel \u00dcberfahrt\" href=\"https:\/\/www.althoffcollection.com\/de\/althoff-seehotel-ueberfahrt\" target=\"_blank\" rel=\"noopener\">www.althoffcollection.com<\/a><\/p><p>Margarethenhof &#8211; <a title=\"Margarethenhof\" href=\"https:\/\/www.margarethenhof.com\/?gclid=EAIaIQobChMI9-iNsMan4wIVxuWaCh2XxApIEAAYASAAEgKK8_D_BwE\" target=\"_blank\" rel=\"noopener\">www.margarethenhof.com<\/a><\/p><p>Mercedes Schmidt Holzkirchen &#8211; <a title=\"Autohaus Schmid Holzkirchen\" href=\"https:\/\/www.autohaus-franz-schmid.de\/\" target=\"_blank\" rel=\"noopener\">www.autohaus-franz-schmid.de<\/a><\/p><p>AVG Auto Vertrieb GmbH &#8211; <a title=\"Mercedes Benz\" href=\"https:\/\/www.mercedes-benz-avg.de\/de\/desktop\/passenger-cars.html\" target=\"_blank\" rel=\"noopener\">www.mercedes-benz-avg.de<\/a><\/p><p>Wiefarn Werbung &#8211; <a title=\"Wiefarn Werbung\" href=\"https:\/\/www.wiefarn.de\/\" target=\"_blank\" rel=\"noopener\">www.wiefarn.de<\/a><\/p><p>Holleitner.net Webdesign &#8211; <a title=\"Webdesign made in Erding\" href=\"https:\/\/www.holleitner.net\" target=\"_blank\" rel=\"noopener\">holleitner.net<\/a><\/p><p>Franz F\u00e4hrmann IT-Fachmann &#8211; <a title=\"Franz F\u00e4hrmann - Ihr IT Fachmann am Tegernsee\" href=\"https:\/\/www.daten-dia.de\/\" target=\"_blank\" rel=\"noopener\">www.daten-dia.de<\/a><\/p><p>Feuer + Eis &#8211; <a title=\"Touristik am Tegernsee\" href=\"https:\/\/www.feuer-eis-touristik.de\/\" target=\"_blank\" rel=\"noopener\">www.feuer-eis-touristik.de<\/a><\/p>\t\t\t\t\t\t\t\t<\/div>\n\t\t\t\t<\/div>\n\t\t\t\t\t<\/div>\n\t\t<\/div>\n\t\t\t\t\t<\/div>\n\t\t<\/section>\n\t\t\t\t<section class=\"elementor-section elementor-top-section elementor-element elementor-element-7f8cbfd elementor-section-height-min-height elementor-section-boxed elementor-section-height-default elementor-section-items-middle\" data-id=\"7f8cbfd\" data-element_type=\"section\" data-e-type=\"section\" data-settings=\"{&quot;background_background&quot;:&quot;classic&quot;}\">\n\t\t\t\t\t\t<div class=\"elementor-container elementor-column-gap-default\">\n\t\t\t\t\t<div class=\"elementor-column elementor-col-100 elementor-top-column elementor-element elementor-element-98e61d5\" data-id=\"98e61d5\" data-element_type=\"column\" data-e-type=\"column\">\n\t\t\t<div class=\"elementor-widget-wrap\">\n\t\t\t\t\t\t\t<\/div>\n\t\t<\/div>\n\t\t\t\t\t<\/div>\n\t\t<\/section>\n\t\t\t\t<\/div>\n\t\t","protected":false},"excerpt":{"rendered":"<p>Partnerbetriebe Restaurantempfehlungen und mehr Bad Wiessee Freihaus Brenner (Di Ruhetag) Freihaus 4, 83707 Bad Wiessee, Tel. 08022-86560sch\u00f6ner Ausblick, sehr gute K\u00fcche, auch \u201ehalbe\u201c Gerichte, ein Klassiker Bistro Fischerei Bad Wiessee (Mo\/Di\/Mi Ruhetag) 11-17 Uhr ge\u00f6ffnet \u00dcberfahrtsweg 15, 83707 Bad Wiessee, Tel. 08022-857495heimische Fische fangfrisch in einfachem Ambiente mit Topqualit\u00e4t Gmund K\u00e4fer Gut Kaltenbrunn\u00a0 (Mo Ruhetag) [&hellip;]<\/p>\n","protected":false},"author":2,"featured_media":0,"parent":0,"menu_order":0,"comment_status":"closed","ping_status":"closed","template":"","meta":{"footnotes":""},"class_list":["post-184","page","type-page","status-publish","hentry"],"_links":{"self":[{"href":"https:\/\/www.taxi-company.net\/index.php\/wp-json\/wp\/v2\/pages\/184","targetHints":{"allow":["GET"]}}],"collection":[{"href":"https:\/\/www.taxi-company.net\/index.php\/wp-json\/wp\/v2\/pages"}],"about":[{"href":"https:\/\/www.taxi-company.net\/index.php\/wp-json\/wp\/v2\/types\/page"}],"author":[{"embeddable":true,"href":"https:\/\/www.taxi-company.net\/index.php\/wp-json\/wp\/v2\/users\/2"}],"replies":[{"embeddable":true,"href":"https:\/\/www.taxi-company.net\/index.php\/wp-json\/wp\/v2\/comments?post=184"}],"version-history":[{"count":5,"href":"https:\/\/www.taxi-company.net\/index.php\/wp-json\/wp\/v2\/pages\/184\/revisions"}],"predecessor-version":[{"id":316,"href":"https:\/\/www.taxi-company.net\/index.php\/wp-json\/wp\/v2\/pages\/184\/revisions\/316"}],"wp:attachment":[{"href":"https:\/\/www.taxi-company.net\/index.php\/wp-json\/wp\/v2\/media?parent=184"}],"curies":[{"name":"wp","href":"https:\/\/api.w.org\/{rel}","templated":true}]}}