{"id":178,"date":"2023-03-09T14:45:29","date_gmt":"2023-03-09T14:45:29","guid":{"rendered":"https:\/\/wp.taxi-company.net\/?page_id=178"},"modified":"2023-03-13T13:06:23","modified_gmt":"2023-03-13T13:06:23","slug":"rund-um-den-tegernsee","status":"publish","type":"page","link":"https:\/\/www.taxi-company.net\/index.php\/rund-um-den-tegernsee\/","title":{"rendered":"Rund um den Tegernsee"},"content":{"rendered":"\t\t<div data-elementor-type=\"wp-page\" data-elementor-id=\"178\" class=\"elementor elementor-178\" data-elementor-post-type=\"page\">\n\t\t\t\t\t\t<section class=\"elementor-section elementor-top-section elementor-element elementor-element-b1046ad elementor-section-height-min-height elementor-section-boxed elementor-section-height-default elementor-section-items-middle\" data-id=\"b1046ad\" data-element_type=\"section\" data-e-type=\"section\" data-settings=\"{&quot;background_background&quot;:&quot;classic&quot;}\">\n\t\t\t\t\t\t<div class=\"elementor-container elementor-column-gap-default\">\n\t\t\t\t\t<div class=\"elementor-column elementor-col-100 elementor-top-column elementor-element elementor-element-1e62337\" data-id=\"1e62337\" data-element_type=\"column\" data-e-type=\"column\">\n\t\t\t<div class=\"elementor-widget-wrap elementor-element-populated\">\n\t\t\t\t\t\t<div class=\"elementor-element elementor-element-fddade2 elementor-widget elementor-widget-heading\" data-id=\"fddade2\" data-element_type=\"widget\" data-e-type=\"widget\" data-widget_type=\"heading.default\">\n\t\t\t\t<div class=\"elementor-widget-container\">\n\t\t\t\t\t<h2 class=\"elementor-heading-title elementor-size-default\">Rund um denTegernsee<\/h2>\t\t\t\t<\/div>\n\t\t\t\t<\/div>\n\t\t\t\t\t<\/div>\n\t\t<\/div>\n\t\t\t\t\t<\/div>\n\t\t<\/section>\n\t\t\t\t<section class=\"elementor-section elementor-top-section elementor-element elementor-element-22f914f elementor-section-boxed elementor-section-height-default elementor-section-height-default\" data-id=\"22f914f\" data-element_type=\"section\" data-e-type=\"section\">\n\t\t\t\t\t\t<div class=\"elementor-container elementor-column-gap-default\">\n\t\t\t\t\t<div class=\"elementor-column elementor-col-100 elementor-top-column elementor-element elementor-element-12ef510\" data-id=\"12ef510\" data-element_type=\"column\" data-e-type=\"column\">\n\t\t\t<div class=\"elementor-widget-wrap elementor-element-populated\">\n\t\t\t\t\t\t<div class=\"elementor-element elementor-element-37b03f9 elementor-widget elementor-widget-heading\" data-id=\"37b03f9\" data-element_type=\"widget\" data-e-type=\"widget\" data-widget_type=\"heading.default\">\n\t\t\t\t<div class=\"elementor-widget-container\">\n\t\t\t\t\t<h4 class=\"elementor-heading-title elementor-size-default\">Ausflugstips f\u00fcr den Tegernsee<\/h4>\t\t\t\t<\/div>\n\t\t\t\t<\/div>\n\t\t\t\t<div class=\"elementor-element elementor-element-ad1d33f elementor-widget elementor-widget-text-editor\" data-id=\"ad1d33f\" data-element_type=\"widget\" data-e-type=\"widget\" data-widget_type=\"text-editor.default\">\n\t\t\t\t<div class=\"elementor-widget-container\">\n\t\t\t\t\t\t\t\t\t<div class=\"tm-main uk-width-medium-7-10 uk-row-first\"><p>Es gibt ein gro\u00dfes Freizeitangebot rund um den Tegernsee und f\u00fcr jeden ist etwas dabei. Nachfolgend ein paar Tipps f\u00fcr Ihre Urlaubs- bzw. Freizeitgestaltung bei uns am Tegernsee. <br \/><strong>Nat\u00fcrlich bringen wir von der Taxi Company Spitz Sie an jeden dieser Genie\u00dferorte!<\/strong><\/p><p><strong><a title=\"Seeschifffahrt Tegernsee\" href=\"https:\/\/www.seenschifffahrt.de\/de\/tegernsee\/\" target=\"_blank\" rel=\"noopener\">Seenschifffahrt Tegernsee<\/a><\/strong><br \/>Eine Entdeckungsreise auf Bayrisch &#8211; Sie k\u00f6nnen eine Rundfahrt \u00fcber den kompletten Tegernsee machen (idealer Ausgangspunkt: Rottach-Egern), oder aber Sie belegen nur eine Teilroute. Angesteuert werden die Anlegestellen Tegernsee, Bad Wiessee, Rottach-Egern und Gmund.<\/p><p><strong><a title=\"Golfen am Tegernsee\" href=\"https:\/\/www.tegernsee.com\/golfen\" target=\"_blank\" rel=\"noopener\">Golfen am Tegernsee<\/a><\/strong><br \/>Rund um den Tegernsee finden Sie anspruchsvolle 18-Loch Golfpl\u00e4tze und einen 6-Loch Kurzplatz f\u00fcr Anf\u00e4nger. Im Umkreis von einer Autostunde haben Sie die Wahl zwischen 20 Golfpl\u00e4tzen.<br \/><br \/><strong><a title=\"Seebad Rottach -Egern\" href=\"https:\/\/www.tegernsee.com\/a-see-und-warmbad-rottach-egern\" target=\"_blank\" rel=\"noopener\">See- und Warmbad Rottach-Egern<\/a><\/strong><br \/>Genie\u00dfen Sie im Sommer den Badespa\u00df im See- und Warmbadebad Rottach-Egern mit Wasserrutsche, Str\u00f6mungskanal und gepflegtem Sandstrand direkt am See. Ge\u00f6ffnet immer von Mai bis September.<\/p><p><strong><a title=\"Kutschen- Wagen und Schlittenmuseum\" href=\"https:\/\/www.pferdeschlittenfahrten.de\/kutschenmuseum.html\" target=\"_blank\" rel=\"noopener\">Kutschen-, Wagen- und Schlittenmuseum Rottach-Egern<\/a><\/strong><br \/>Auf 700 qm Ausstellungsfl\u00e4che k\u00f6nnen Sie sich auf eine Zeitreise in die Vergangenheit begeben. Sie k\u00f6nnen sich \u00fcber das Transportwesen, die Arbeit der Bauern und Holzknechte sowie die Almenbewirtschaftung zu Beginn des 20. Jahrhunderts informieren. Das Museum wurde frisch renoviert.<\/p><p><strong><a title=\"Wallberg Panorama\" href=\"https:\/\/www.wallberg-panoramastrasse.de\/\" target=\"_blank\" rel=\"noopener\">Wallberg-Panoramastra\u00dfe und Wallbergbahn<\/a><\/strong><br \/>Genie\u00dfen Sie die einzigartige Aussicht auf das Tegernseer Tal bei einer Fahrt \u00fcber die Wallberg-Panoramastra\u00dfe. Sie f\u00fchrt Sie hinauf auf ca. 1120 H\u00f6henmeter und kann auch als idealer Ausgangspunkt f\u00fcr zahlreiche Wanderungen im gesamten Wallberggebiet genutzt werden.<\/p><p>Die Wallbergbahn ist eine Zweiseilumlaufbahn mit Vierergondeln, die von Rottach-Egern auf den Wallberg f\u00fchrt. Von dort kann im Winter eine 6,5 km lange Naturrodelbahn genutzt werden. Diese Naturrodelbahn geh\u00f6rt zu den l\u00e4ngsten und anspruchsvollsten Bahnen Deutschlands. \u00a0<\/p><p><strong><a title=\"Jodschwefelbad Bad Wiessee\" href=\"https:\/\/www.jodschwefelbad.de\/\" target=\"_blank\" rel=\"noopener\">Jodschwefelbad Bad Wiessee<\/a><\/strong><br \/>Baden Sie sich gesund in Deutschlands st\u00e4rksten Jod-Schwefel Quellen am Tegernsse gelegen. die schmerzlindernde, gesundheitsf\u00f6rdernde und entz\u00fcndungshemmende Wirkung von Jod-Schwefelwasser wird schon lange erfolgreich zur Entspannung und Regeneration eingesetzt. Mehr Infos dazu finden Sie auf der Webseite vom Jodschwefelbad Bad Wiessee.<\/p><p><strong><a title=\"K\u00e4serei am Tegernsee\" href=\"https:\/\/www.naturkaeserei.de\/\" target=\"_blank\" rel=\"noopener\">Naturk\u00e4serei am Tegernsee<\/a><\/strong><br \/>Wenn Sie schon immer wissen wollten, was es rund um das Thema K\u00e4serei alles Interessantes gibt, dann sind Sie hier richtig. Mit Kaserei-Laden, Gastsube und Schauk\u00e4serei. Sie finden die Naturk\u00e4serei in Kreuth am Tegernsee, t\u00e4glich ge\u00f6ffnet von 9.00 Uhr bis 18.00 Uhr.<\/p><p><strong><a title=\"Tegernsee Card\" href=\"https:\/\/www.tegernsee.com\/tegernsee-card\" target=\"_blank\" rel=\"noopener\">Nutzen Sie die Tegernsee Card<\/a><br \/><\/strong> Die TegernseeCard bietet Ihnen die M\u00f6glichkeit, zahlreiche Freizeitangebote f\u00fcr nur 50% des regul\u00e4ren Preises zu nutzen. Mehr Informationen erhalten Sie auf der <strong>Webseite der Tegernsee Card.<\/strong><\/p><p><strong><a title=\"Veranstaltungen am Tegernsee\" href=\"https:\/\/www.tegernsee.com\/veranstaltungskalender\" target=\"_blank\" rel=\"noopener\">Veranstaltungskalender<\/a><\/strong><br \/>In der Urlaubsregion Tegernsee ist immer was los. Damit Sie immer auf dem Laufenden bleiben, finden Sie hier auf der Seite &#8222;Veranstaltungskalender&#8220; alle Infos zu kommenden Events rund um den Tegernsee.<\/p><\/div>\t\t\t\t\t\t\t\t<\/div>\n\t\t\t\t<\/div>\n\t\t\t\t\t<\/div>\n\t\t<\/div>\n\t\t\t\t\t<\/div>\n\t\t<\/section>\n\t\t\t\t<section class=\"elementor-section elementor-top-section elementor-element elementor-element-9b291b2 elementor-section-height-min-height elementor-section-boxed elementor-section-height-default elementor-section-items-middle\" data-id=\"9b291b2\" data-element_type=\"section\" data-e-type=\"section\" data-settings=\"{&quot;background_background&quot;:&quot;classic&quot;}\">\n\t\t\t\t\t\t<div class=\"elementor-container elementor-column-gap-default\">\n\t\t\t\t\t<div class=\"elementor-column elementor-col-100 elementor-top-column elementor-element elementor-element-54eb4ff\" data-id=\"54eb4ff\" data-element_type=\"column\" data-e-type=\"column\">\n\t\t\t<div class=\"elementor-widget-wrap\">\n\t\t\t\t\t\t\t<\/div>\n\t\t<\/div>\n\t\t\t\t\t<\/div>\n\t\t<\/section>\n\t\t\t\t<\/div>\n\t\t","protected":false},"excerpt":{"rendered":"<p>Rund um denTegernsee Ausflugstips f\u00fcr den Tegernsee Es gibt ein gro\u00dfes Freizeitangebot rund um den Tegernsee und f\u00fcr jeden ist etwas dabei. Nachfolgend ein paar Tipps f\u00fcr Ihre Urlaubs- bzw. Freizeitgestaltung bei uns am Tegernsee. Nat\u00fcrlich bringen wir von der Taxi Company Spitz Sie an jeden dieser Genie\u00dferorte! Seenschifffahrt TegernseeEine Entdeckungsreise auf Bayrisch &#8211; Sie [&hellip;]<\/p>\n","protected":false},"author":2,"featured_media":0,"parent":0,"menu_order":0,"comment_status":"closed","ping_status":"closed","template":"elementor_header_footer","meta":{"footnotes":""},"class_list":["post-178","page","type-page","status-publish","hentry"],"_links":{"self":[{"href":"https:\/\/www.taxi-company.net\/index.php\/wp-json\/wp\/v2\/pages\/178","targetHints":{"allow":["GET"]}}],"collection":[{"href":"https:\/\/www.taxi-company.net\/index.php\/wp-json\/wp\/v2\/pages"}],"about":[{"href":"https:\/\/www.taxi-company.net\/index.php\/wp-json\/wp\/v2\/types\/page"}],"author":[{"embeddable":true,"href":"https:\/\/www.taxi-company.net\/index.php\/wp-json\/wp\/v2\/users\/2"}],"replies":[{"embeddable":true,"href":"https:\/\/www.taxi-company.net\/index.php\/wp-json\/wp\/v2\/comments?post=178"}],"version-history":[{"count":5,"href":"https:\/\/www.taxi-company.net\/index.php\/wp-json\/wp\/v2\/pages\/178\/revisions"}],"predecessor-version":[{"id":313,"href":"https:\/\/www.taxi-company.net\/index.php\/wp-json\/wp\/v2\/pages\/178\/revisions\/313"}],"wp:attachment":[{"href":"https:\/\/www.taxi-company.net\/index.php\/wp-json\/wp\/v2\/media?parent=178"}],"curies":[{"name":"wp","href":"https:\/\/api.w.org\/{rel}","templated":true}]}}